{"id":535,"date":"2026-02-04T19:19:14","date_gmt":"2026-02-04T19:19:14","guid":{"rendered":"https:\/\/photo-text.de\/?page_id=535"},"modified":"2026-02-04T19:26:37","modified_gmt":"2026-02-04T19:26:37","slug":"workshops","status":"publish","type":"page","link":"https:\/\/photo-text.de\/?page_id=535","title":{"rendered":"Workshops"},"content":{"rendered":"\n<p>Die folgenden Workshops\/Seminare finden im Fr\u00fchjahr 2026  statt. Bei Wollknoll im schw\u00e4bischen  Oberrot die Kurse  &#8222;Ins rechte Licht ger\u00fcckt..&#8220; und &#8222;Richtig pr\u00e4sentieren&#8230;&#8220;<br><br>Bei der KVHS Aurich Norden (Standort Norden) die Seminare &#8222;Einfach besser fotografieren&#8230;&#8220; sowie die Schreibwerkstatt &#8222;Die richtigen Worte&#8230;&#8220;<br><br>Anmeldungen bei <br>Wollknoll GmbH, 74420 Oberrot, <br>Tel.: 07977-910293,  <a href=\"http:\/\/www.wollknoll.eu\" target=\"_blank\" rel=\"noreferrer noopener\">www.wollknoll.eu<\/a> <br><br>KVHS Aurich Norden<br>26506 Norden, Tel: 04931 1870 123<br><a href=\"http:\/\/www.vhs-norden.de\" target=\"_blank\" rel=\"noreferrer noopener\">www.vhs-norden.de<\/a><\/p>\n\n\n\n<ul class=\"wp-block-list\">\n<li><\/li>\n<\/ul>\n\n\n\n<figure class=\"wp-block-image size-large is-style-rounded\"><img loading=\"lazy\" decoding=\"async\" width=\"1024\" height=\"473\" src=\"https:\/\/photo-text.de\/wp-content\/uploads\/2026\/02\/Foto-Wollknoll-26-ANK-1024x473.jpg\" alt=\"\" class=\"wp-image-536\" srcset=\"https:\/\/photo-text.de\/wp-content\/uploads\/2026\/02\/Foto-Wollknoll-26-ANK-1024x473.jpg 1024w, https:\/\/photo-text.de\/wp-content\/uploads\/2026\/02\/Foto-Wollknoll-26-ANK-300x139.jpg 300w, https:\/\/photo-text.de\/wp-content\/uploads\/2026\/02\/Foto-Wollknoll-26-ANK-768x355.jpg 768w, https:\/\/photo-text.de\/wp-content\/uploads\/2026\/02\/Foto-Wollknoll-26-ANK.jpg 1204w\" sizes=\"auto, (max-width: 1024px) 100vw, 1024px\" \/><\/figure>\n\n\n\n<hr class=\"wp-block-separator has-alpha-channel-opacity\"\/>\n\n\n\n<figure class=\"wp-block-image size-large\"><img loading=\"lazy\" decoding=\"async\" width=\"1024\" height=\"502\" src=\"https:\/\/photo-text.de\/wp-content\/uploads\/2026\/02\/Praesentieren-Wollknoll-26-ANK-1-1024x502.jpg\" alt=\"\" class=\"wp-image-538\" srcset=\"https:\/\/photo-text.de\/wp-content\/uploads\/2026\/02\/Praesentieren-Wollknoll-26-ANK-1-1024x502.jpg 1024w, https:\/\/photo-text.de\/wp-content\/uploads\/2026\/02\/Praesentieren-Wollknoll-26-ANK-1-300x147.jpg 300w, https:\/\/photo-text.de\/wp-content\/uploads\/2026\/02\/Praesentieren-Wollknoll-26-ANK-1-768x376.jpg 768w, https:\/\/photo-text.de\/wp-content\/uploads\/2026\/02\/Praesentieren-Wollknoll-26-ANK-1.jpg 1194w\" sizes=\"auto, (max-width: 1024px) 100vw, 1024px\" \/><\/figure>\n\n\n\n<hr class=\"wp-block-separator has-alpha-channel-opacity\"\/>\n\n\n\n<figure class=\"wp-block-image size-full is-resized\"><img loading=\"lazy\" decoding=\"async\" width=\"565\" height=\"866\" src=\"https:\/\/photo-text.de\/wp-content\/uploads\/2026\/02\/Foto-KVHS-26-Ank.jpg\" alt=\"\" class=\"wp-image-539\" style=\"width:414px;height:auto\" srcset=\"https:\/\/photo-text.de\/wp-content\/uploads\/2026\/02\/Foto-KVHS-26-Ank.jpg 565w, https:\/\/photo-text.de\/wp-content\/uploads\/2026\/02\/Foto-KVHS-26-Ank-196x300.jpg 196w\" sizes=\"auto, (max-width: 565px) 100vw, 565px\" \/><\/figure>\n\n\n\n<hr class=\"wp-block-separator has-alpha-channel-opacity\"\/>\n\n\n\n<figure class=\"wp-block-image size-full is-resized\"><img loading=\"lazy\" decoding=\"async\" width=\"574\" height=\"687\" src=\"https:\/\/photo-text.de\/wp-content\/uploads\/2026\/02\/Schreiben-KVHS-26-ANK.jpg\" alt=\"\" class=\"wp-image-540\" style=\"width:455px;height:auto\" srcset=\"https:\/\/photo-text.de\/wp-content\/uploads\/2026\/02\/Schreiben-KVHS-26-ANK.jpg 574w, https:\/\/photo-text.de\/wp-content\/uploads\/2026\/02\/Schreiben-KVHS-26-ANK-251x300.jpg 251w\" sizes=\"auto, (max-width: 574px) 100vw, 574px\" \/><\/figure>\n\n\n\n<hr class=\"wp-block-separator has-alpha-channel-opacity\"\/>\n","protected":false},"excerpt":{"rendered":"<p>Die folgenden Workshops\/Seminare finden im Fr\u00fchjahr 2026 statt. Bei Wollknoll im schw\u00e4bischen Oberrot die Kurse &#8222;Ins rechte Licht ger\u00fcckt..&#8220; und &#8222;Richtig pr\u00e4sentieren&#8230;&#8220; Bei der KVHS Aurich Norden (Standort Norden) die Seminare &#8222;Einfach besser fotografieren&#8230;&#8220; sowie die Schreibwerkstatt &#8222;Die richtigen Worte&#8230;&#8220; Anmeldungen bei Wollknoll GmbH, 74420 &hellip; <a href=\"https:\/\/photo-text.de\/?page_id=535\" class=\"more-link\"><span>Continue reading<span class=\"screen-reader-text\">Workshops<\/span><\/span><\/a><\/p>\n","protected":false},"author":1,"featured_media":0,"parent":0,"menu_order":0,"comment_status":"closed","ping_status":"closed","template":"","meta":{"pgc_sgb_lightbox_settings":"","footnotes":""},"class_list":["post-535","page","type-page","status-publish","hentry"],"yoast_head":"<!-- This site is optimized with the Yoast SEO plugin v24.5 - https:\/\/yoast.com\/wordpress\/plugins\/seo\/ -->\n<title>Workshops - Photographie + Text - Hans K\u00f6nig<\/title>\n<meta name=\"robots\" content=\"index, follow, max-snippet:-1, max-image-preview:large, max-video-preview:-1\" \/>\n<link rel=\"canonical\" href=\"https:\/\/photo-text.de\/?page_id=535\" \/>\n<meta property=\"og:locale\" content=\"de_DE\" \/>\n<meta property=\"og:type\" content=\"article\" \/>\n<meta property=\"og:title\" content=\"Workshops - Photographie + Text - Hans K\u00f6nig\" \/>\n<meta property=\"og:description\" content=\"Die folgenden Workshops\/Seminare finden im Fr\u00fchjahr 2026 statt. Bei Wollknoll im schw\u00e4bischen Oberrot die Kurse &#8222;Ins rechte Licht ger\u00fcckt..&#8220; und &#8222;Richtig pr\u00e4sentieren&#8230;&#8220; Bei der KVHS Aurich Norden (Standort Norden) die Seminare &#8222;Einfach besser fotografieren&#8230;&#8220; sowie die Schreibwerkstatt &#8222;Die richtigen Worte&#8230;&#8220; Anmeldungen bei Wollknoll GmbH, 74420 &hellip; Continue readingWorkshops\" \/>\n<meta property=\"og:url\" content=\"https:\/\/photo-text.de\/?page_id=535\" \/>\n<meta property=\"og:site_name\" content=\"Photographie + Text - Hans K\u00f6nig\" \/>\n<meta property=\"article:modified_time\" content=\"2026-02-04T19:26:37+00:00\" \/>\n<meta property=\"og:image\" content=\"https:\/\/photo-text.de\/wp-content\/uploads\/2026\/02\/Foto-Wollknoll-26-ANK.jpg\" \/>\n\t<meta property=\"og:image:width\" content=\"1204\" \/>\n\t<meta property=\"og:image:height\" content=\"556\" \/>\n\t<meta property=\"og:image:type\" content=\"image\/jpeg\" \/>\n<meta name=\"twitter:card\" content=\"summary_large_image\" \/>\n<meta name=\"twitter:label1\" content=\"Gesch\u00e4tzte Lesezeit\" \/>\n\t<meta name=\"twitter:data1\" content=\"2\u00a0Minuten\" \/>\n<script type=\"application\/ld+json\" class=\"yoast-schema-graph\">{\"@context\":\"https:\/\/schema.org\",\"@graph\":[{\"@type\":\"WebPage\",\"@id\":\"https:\/\/photo-text.de\/?page_id=535\",\"url\":\"https:\/\/photo-text.de\/?page_id=535\",\"name\":\"Workshops - Photographie + Text - Hans K\u00f6nig\",\"isPartOf\":{\"@id\":\"https:\/\/photo-text.de\/#website\"},\"primaryImageOfPage\":{\"@id\":\"https:\/\/photo-text.de\/?page_id=535#primaryimage\"},\"image\":{\"@id\":\"https:\/\/photo-text.de\/?page_id=535#primaryimage\"},\"thumbnailUrl\":\"https:\/\/photo-text.de\/wp-content\/uploads\/2026\/02\/Foto-Wollknoll-26-ANK-1024x473.jpg\",\"datePublished\":\"2026-02-04T19:19:14+00:00\",\"dateModified\":\"2026-02-04T19:26:37+00:00\",\"breadcrumb\":{\"@id\":\"https:\/\/photo-text.de\/?page_id=535#breadcrumb\"},\"inLanguage\":\"de\",\"potentialAction\":[{\"@type\":\"ReadAction\",\"target\":[\"https:\/\/photo-text.de\/?page_id=535\"]}]},{\"@type\":\"ImageObject\",\"inLanguage\":\"de\",\"@id\":\"https:\/\/photo-text.de\/?page_id=535#primaryimage\",\"url\":\"https:\/\/photo-text.de\/wp-content\/uploads\/2026\/02\/Foto-Wollknoll-26-ANK.jpg\",\"contentUrl\":\"https:\/\/photo-text.de\/wp-content\/uploads\/2026\/02\/Foto-Wollknoll-26-ANK.jpg\",\"width\":1204,\"height\":556},{\"@type\":\"BreadcrumbList\",\"@id\":\"https:\/\/photo-text.de\/?page_id=535#breadcrumb\",\"itemListElement\":[{\"@type\":\"ListItem\",\"position\":1,\"name\":\"Startseite\",\"item\":\"https:\/\/photo-text.de\/\"},{\"@type\":\"ListItem\",\"position\":2,\"name\":\"Workshops\"}]},{\"@type\":\"WebSite\",\"@id\":\"https:\/\/photo-text.de\/#website\",\"url\":\"https:\/\/photo-text.de\/\",\"name\":\"Photographie + Text - Hans K\u00f6nig\",\"description\":\"Mediawork in Ostfriesland\",\"potentialAction\":[{\"@type\":\"SearchAction\",\"target\":{\"@type\":\"EntryPoint\",\"urlTemplate\":\"https:\/\/photo-text.de\/?s={search_term_string}\"},\"query-input\":{\"@type\":\"PropertyValueSpecification\",\"valueRequired\":true,\"valueName\":\"search_term_string\"}}],\"inLanguage\":\"de\"}]}<\/script>\n<!-- \/ Yoast SEO plugin. -->","yoast_head_json":{"title":"Workshops - Photographie + Text - Hans K\u00f6nig","robots":{"index":"index","follow":"follow","max-snippet":"max-snippet:-1","max-image-preview":"max-image-preview:large","max-video-preview":"max-video-preview:-1"},"canonical":"https:\/\/photo-text.de\/?page_id=535","og_locale":"de_DE","og_type":"article","og_title":"Workshops - Photographie + Text - Hans K\u00f6nig","og_description":"Die folgenden Workshops\/Seminare finden im Fr\u00fchjahr 2026 statt. Bei Wollknoll im schw\u00e4bischen Oberrot die Kurse &#8222;Ins rechte Licht ger\u00fcckt..&#8220; und &#8222;Richtig pr\u00e4sentieren&#8230;&#8220; Bei der KVHS Aurich Norden (Standort Norden) die Seminare &#8222;Einfach besser fotografieren&#8230;&#8220; sowie die Schreibwerkstatt &#8222;Die richtigen Worte&#8230;&#8220; Anmeldungen bei Wollknoll GmbH, 74420 &hellip; Continue readingWorkshops","og_url":"https:\/\/photo-text.de\/?page_id=535","og_site_name":"Photographie + Text - Hans K\u00f6nig","article_modified_time":"2026-02-04T19:26:37+00:00","og_image":[{"width":1204,"height":556,"url":"https:\/\/photo-text.de\/wp-content\/uploads\/2026\/02\/Foto-Wollknoll-26-ANK.jpg","type":"image\/jpeg"}],"twitter_card":"summary_large_image","twitter_misc":{"Gesch\u00e4tzte Lesezeit":"2\u00a0Minuten"},"schema":{"@context":"https:\/\/schema.org","@graph":[{"@type":"WebPage","@id":"https:\/\/photo-text.de\/?page_id=535","url":"https:\/\/photo-text.de\/?page_id=535","name":"Workshops - Photographie + Text - Hans K\u00f6nig","isPartOf":{"@id":"https:\/\/photo-text.de\/#website"},"primaryImageOfPage":{"@id":"https:\/\/photo-text.de\/?page_id=535#primaryimage"},"image":{"@id":"https:\/\/photo-text.de\/?page_id=535#primaryimage"},"thumbnailUrl":"https:\/\/photo-text.de\/wp-content\/uploads\/2026\/02\/Foto-Wollknoll-26-ANK-1024x473.jpg","datePublished":"2026-02-04T19:19:14+00:00","dateModified":"2026-02-04T19:26:37+00:00","breadcrumb":{"@id":"https:\/\/photo-text.de\/?page_id=535#breadcrumb"},"inLanguage":"de","potentialAction":[{"@type":"ReadAction","target":["https:\/\/photo-text.de\/?page_id=535"]}]},{"@type":"ImageObject","inLanguage":"de","@id":"https:\/\/photo-text.de\/?page_id=535#primaryimage","url":"https:\/\/photo-text.de\/wp-content\/uploads\/2026\/02\/Foto-Wollknoll-26-ANK.jpg","contentUrl":"https:\/\/photo-text.de\/wp-content\/uploads\/2026\/02\/Foto-Wollknoll-26-ANK.jpg","width":1204,"height":556},{"@type":"BreadcrumbList","@id":"https:\/\/photo-text.de\/?page_id=535#breadcrumb","itemListElement":[{"@type":"ListItem","position":1,"name":"Startseite","item":"https:\/\/photo-text.de\/"},{"@type":"ListItem","position":2,"name":"Workshops"}]},{"@type":"WebSite","@id":"https:\/\/photo-text.de\/#website","url":"https:\/\/photo-text.de\/","name":"Photographie + Text - Hans K\u00f6nig","description":"Mediawork in Ostfriesland","potentialAction":[{"@type":"SearchAction","target":{"@type":"EntryPoint","urlTemplate":"https:\/\/photo-text.de\/?s={search_term_string}"},"query-input":{"@type":"PropertyValueSpecification","valueRequired":true,"valueName":"search_term_string"}}],"inLanguage":"de"}]}},"_links":{"self":[{"href":"https:\/\/photo-text.de\/index.php?rest_route=\/wp\/v2\/pages\/535","targetHints":{"allow":["GET"]}}],"collection":[{"href":"https:\/\/photo-text.de\/index.php?rest_route=\/wp\/v2\/pages"}],"about":[{"href":"https:\/\/photo-text.de\/index.php?rest_route=\/wp\/v2\/types\/page"}],"author":[{"embeddable":true,"href":"https:\/\/photo-text.de\/index.php?rest_route=\/wp\/v2\/users\/1"}],"replies":[{"embeddable":true,"href":"https:\/\/photo-text.de\/index.php?rest_route=%2Fwp%2Fv2%2Fcomments&post=535"}],"version-history":[{"count":2,"href":"https:\/\/photo-text.de\/index.php?rest_route=\/wp\/v2\/pages\/535\/revisions"}],"predecessor-version":[{"id":543,"href":"https:\/\/photo-text.de\/index.php?rest_route=\/wp\/v2\/pages\/535\/revisions\/543"}],"wp:attachment":[{"href":"https:\/\/photo-text.de\/index.php?rest_route=%2Fwp%2Fv2%2Fmedia&parent=535"}],"curies":[{"name":"wp","href":"https:\/\/api.w.org\/{rel}","templated":true}]}}