{"id":518,"date":"2026-02-04T13:23:01","date_gmt":"2026-02-04T13:23:01","guid":{"rendered":"https:\/\/photo-text.de\/?page_id=518"},"modified":"2026-02-04T19:31:22","modified_gmt":"2026-02-04T19:31:22","slug":"mediaworx","status":"publish","type":"page","link":"https:\/\/photo-text.de\/?page_id=518","title":{"rendered":"Mediaworx"},"content":{"rendered":"\n<p><strong>by Photographie &amp; Text &#8211; Hans K\u00f6nig<\/strong> bedeutet einen Fullservice in Sachen Medienarbeit anbieten zu k\u00f6nnen. Dazu z\u00e4hlen Fotografie, Textarbeiten, Dokumentation, Pressearbeit und Gestaltung von Printprodukten.<\/p>\n\n\n\n<div class=\"wp-block-media-text is-stacked-on-mobile has-normal-font-size\" style=\"grid-template-columns:26% auto\"><figure class=\"wp-block-media-text__media\"><img loading=\"lazy\" decoding=\"async\" width=\"512\" height=\"512\" src=\"https:\/\/photo-text.de\/wp-content\/uploads\/2026\/02\/cropped-Platzhalter-WP.jpg\" alt=\"\" class=\"wp-image-506 size-full\" srcset=\"https:\/\/photo-text.de\/wp-content\/uploads\/2026\/02\/cropped-Platzhalter-WP.jpg 512w, https:\/\/photo-text.de\/wp-content\/uploads\/2026\/02\/cropped-Platzhalter-WP-300x300.jpg 300w, https:\/\/photo-text.de\/wp-content\/uploads\/2026\/02\/cropped-Platzhalter-WP-150x150.jpg 150w, https:\/\/photo-text.de\/wp-content\/uploads\/2026\/02\/cropped-Platzhalter-WP-270x270.jpg 270w, https:\/\/photo-text.de\/wp-content\/uploads\/2026\/02\/cropped-Platzhalter-WP-192x192.jpg 192w, https:\/\/photo-text.de\/wp-content\/uploads\/2026\/02\/cropped-Platzhalter-WP-180x180.jpg 180w, https:\/\/photo-text.de\/wp-content\/uploads\/2026\/02\/cropped-Platzhalter-WP-32x32.jpg 32w\" sizes=\"auto, (max-width: 512px) 100vw, 512px\" \/><\/figure><div class=\"wp-block-media-text__content\">\n<p class=\"has-black-color has-white-background-color has-text-color has-background has-link-color wp-elements-00ab2d567f3dca1102b91365bad5dcaf\"><strong>Fotografie<\/strong><br>Action, Dokumentation, Portrait, People, Events, Studio, Sport, Immobilien, Landschaft, Technik &#8211; in nahe zu allen Disziplinen der Fotografie habe ich viel Erfahrung sammeln d\u00fcrfen, die ich in k\u00fcnftige Aufgaben miteinbringe. <\/p>\n<\/div><\/div>\n\n\n\n<p><\/p>\n","protected":false},"excerpt":{"rendered":"<p>by Photographie &amp; Text &#8211; Hans K\u00f6nig bedeutet einen Fullservice in Sachen Medienarbeit anbieten zu k\u00f6nnen. Dazu z\u00e4hlen Fotografie, Textarbeiten, Dokumentation, Pressearbeit und Gestaltung von Printprodukten. FotografieAction, Dokumentation, Portrait, People, Events, Studio, Sport, Immobilien, Landschaft, Technik &#8211; in nahe zu allen Disziplinen der Fotografie habe &hellip; <a href=\"https:\/\/photo-text.de\/?page_id=518\" class=\"more-link\"><span>Continue reading<span class=\"screen-reader-text\">Mediaworx<\/span><\/span><\/a><\/p>\n","protected":false},"author":1,"featured_media":0,"parent":0,"menu_order":0,"comment_status":"closed","ping_status":"closed","template":"","meta":{"pgc_sgb_lightbox_settings":"","footnotes":""},"class_list":["post-518","page","type-page","status-publish","hentry"],"yoast_head":"<!-- This site is optimized with the Yoast SEO plugin v24.5 - https:\/\/yoast.com\/wordpress\/plugins\/seo\/ -->\n<title>Mediaworx - Photographie + Text - Hans K\u00f6nig<\/title>\n<meta name=\"robots\" content=\"index, follow, max-snippet:-1, max-image-preview:large, max-video-preview:-1\" \/>\n<link rel=\"canonical\" href=\"https:\/\/photo-text.de\/?page_id=518\" \/>\n<meta property=\"og:locale\" content=\"de_DE\" \/>\n<meta property=\"og:type\" content=\"article\" \/>\n<meta property=\"og:title\" content=\"Mediaworx - Photographie + Text - Hans K\u00f6nig\" \/>\n<meta property=\"og:description\" content=\"by Photographie &amp; Text &#8211; Hans K\u00f6nig bedeutet einen Fullservice in Sachen Medienarbeit anbieten zu k\u00f6nnen. Dazu z\u00e4hlen Fotografie, Textarbeiten, Dokumentation, Pressearbeit und Gestaltung von Printprodukten. FotografieAction, Dokumentation, Portrait, People, Events, Studio, Sport, Immobilien, Landschaft, Technik &#8211; in nahe zu allen Disziplinen der Fotografie habe &hellip; Continue readingMediaworx\" \/>\n<meta property=\"og:url\" content=\"https:\/\/photo-text.de\/?page_id=518\" \/>\n<meta property=\"og:site_name\" content=\"Photographie + Text - Hans K\u00f6nig\" \/>\n<meta property=\"article:modified_time\" content=\"2026-02-04T19:31:22+00:00\" \/>\n<meta property=\"og:image\" content=\"https:\/\/photo-text.de\/wp-content\/uploads\/2026\/02\/cropped-Platzhalter-WP.jpg\" \/>\n\t<meta property=\"og:image:width\" content=\"512\" \/>\n\t<meta property=\"og:image:height\" content=\"512\" \/>\n\t<meta property=\"og:image:type\" content=\"image\/jpeg\" \/>\n<meta name=\"twitter:card\" content=\"summary_large_image\" \/>\n<meta name=\"twitter:label1\" content=\"Gesch\u00e4tzte Lesezeit\" \/>\n\t<meta name=\"twitter:data1\" content=\"1\u00a0Minute\" \/>\n<script type=\"application\/ld+json\" class=\"yoast-schema-graph\">{\"@context\":\"https:\/\/schema.org\",\"@graph\":[{\"@type\":\"WebPage\",\"@id\":\"https:\/\/photo-text.de\/?page_id=518\",\"url\":\"https:\/\/photo-text.de\/?page_id=518\",\"name\":\"Mediaworx - Photographie + Text - Hans K\u00f6nig\",\"isPartOf\":{\"@id\":\"https:\/\/photo-text.de\/#website\"},\"primaryImageOfPage\":{\"@id\":\"https:\/\/photo-text.de\/?page_id=518#primaryimage\"},\"image\":{\"@id\":\"https:\/\/photo-text.de\/?page_id=518#primaryimage\"},\"thumbnailUrl\":\"https:\/\/photo-text.de\/wp-content\/uploads\/2026\/02\/cropped-Platzhalter-WP.jpg\",\"datePublished\":\"2026-02-04T13:23:01+00:00\",\"dateModified\":\"2026-02-04T19:31:22+00:00\",\"breadcrumb\":{\"@id\":\"https:\/\/photo-text.de\/?page_id=518#breadcrumb\"},\"inLanguage\":\"de\",\"potentialAction\":[{\"@type\":\"ReadAction\",\"target\":[\"https:\/\/photo-text.de\/?page_id=518\"]}]},{\"@type\":\"ImageObject\",\"inLanguage\":\"de\",\"@id\":\"https:\/\/photo-text.de\/?page_id=518#primaryimage\",\"url\":\"https:\/\/photo-text.de\/wp-content\/uploads\/2026\/02\/cropped-Platzhalter-WP.jpg\",\"contentUrl\":\"https:\/\/photo-text.de\/wp-content\/uploads\/2026\/02\/cropped-Platzhalter-WP.jpg\",\"width\":512,\"height\":512},{\"@type\":\"BreadcrumbList\",\"@id\":\"https:\/\/photo-text.de\/?page_id=518#breadcrumb\",\"itemListElement\":[{\"@type\":\"ListItem\",\"position\":1,\"name\":\"Startseite\",\"item\":\"https:\/\/photo-text.de\/\"},{\"@type\":\"ListItem\",\"position\":2,\"name\":\"Mediaworx\"}]},{\"@type\":\"WebSite\",\"@id\":\"https:\/\/photo-text.de\/#website\",\"url\":\"https:\/\/photo-text.de\/\",\"name\":\"Photographie + Text - Hans K\u00f6nig\",\"description\":\"Mediawork in Ostfriesland\",\"potentialAction\":[{\"@type\":\"SearchAction\",\"target\":{\"@type\":\"EntryPoint\",\"urlTemplate\":\"https:\/\/photo-text.de\/?s={search_term_string}\"},\"query-input\":{\"@type\":\"PropertyValueSpecification\",\"valueRequired\":true,\"valueName\":\"search_term_string\"}}],\"inLanguage\":\"de\"}]}<\/script>\n<!-- \/ Yoast SEO plugin. -->","yoast_head_json":{"title":"Mediaworx - Photographie + Text - Hans K\u00f6nig","robots":{"index":"index","follow":"follow","max-snippet":"max-snippet:-1","max-image-preview":"max-image-preview:large","max-video-preview":"max-video-preview:-1"},"canonical":"https:\/\/photo-text.de\/?page_id=518","og_locale":"de_DE","og_type":"article","og_title":"Mediaworx - Photographie + Text - Hans K\u00f6nig","og_description":"by Photographie &amp; Text &#8211; Hans K\u00f6nig bedeutet einen Fullservice in Sachen Medienarbeit anbieten zu k\u00f6nnen. Dazu z\u00e4hlen Fotografie, Textarbeiten, Dokumentation, Pressearbeit und Gestaltung von Printprodukten. FotografieAction, Dokumentation, Portrait, People, Events, Studio, Sport, Immobilien, Landschaft, Technik &#8211; in nahe zu allen Disziplinen der Fotografie habe &hellip; Continue readingMediaworx","og_url":"https:\/\/photo-text.de\/?page_id=518","og_site_name":"Photographie + Text - Hans K\u00f6nig","article_modified_time":"2026-02-04T19:31:22+00:00","og_image":[{"width":512,"height":512,"url":"https:\/\/photo-text.de\/wp-content\/uploads\/2026\/02\/cropped-Platzhalter-WP.jpg","type":"image\/jpeg"}],"twitter_card":"summary_large_image","twitter_misc":{"Gesch\u00e4tzte Lesezeit":"1\u00a0Minute"},"schema":{"@context":"https:\/\/schema.org","@graph":[{"@type":"WebPage","@id":"https:\/\/photo-text.de\/?page_id=518","url":"https:\/\/photo-text.de\/?page_id=518","name":"Mediaworx - Photographie + Text - Hans K\u00f6nig","isPartOf":{"@id":"https:\/\/photo-text.de\/#website"},"primaryImageOfPage":{"@id":"https:\/\/photo-text.de\/?page_id=518#primaryimage"},"image":{"@id":"https:\/\/photo-text.de\/?page_id=518#primaryimage"},"thumbnailUrl":"https:\/\/photo-text.de\/wp-content\/uploads\/2026\/02\/cropped-Platzhalter-WP.jpg","datePublished":"2026-02-04T13:23:01+00:00","dateModified":"2026-02-04T19:31:22+00:00","breadcrumb":{"@id":"https:\/\/photo-text.de\/?page_id=518#breadcrumb"},"inLanguage":"de","potentialAction":[{"@type":"ReadAction","target":["https:\/\/photo-text.de\/?page_id=518"]}]},{"@type":"ImageObject","inLanguage":"de","@id":"https:\/\/photo-text.de\/?page_id=518#primaryimage","url":"https:\/\/photo-text.de\/wp-content\/uploads\/2026\/02\/cropped-Platzhalter-WP.jpg","contentUrl":"https:\/\/photo-text.de\/wp-content\/uploads\/2026\/02\/cropped-Platzhalter-WP.jpg","width":512,"height":512},{"@type":"BreadcrumbList","@id":"https:\/\/photo-text.de\/?page_id=518#breadcrumb","itemListElement":[{"@type":"ListItem","position":1,"name":"Startseite","item":"https:\/\/photo-text.de\/"},{"@type":"ListItem","position":2,"name":"Mediaworx"}]},{"@type":"WebSite","@id":"https:\/\/photo-text.de\/#website","url":"https:\/\/photo-text.de\/","name":"Photographie + Text - Hans K\u00f6nig","description":"Mediawork in Ostfriesland","potentialAction":[{"@type":"SearchAction","target":{"@type":"EntryPoint","urlTemplate":"https:\/\/photo-text.de\/?s={search_term_string}"},"query-input":{"@type":"PropertyValueSpecification","valueRequired":true,"valueName":"search_term_string"}}],"inLanguage":"de"}]}},"_links":{"self":[{"href":"https:\/\/photo-text.de\/index.php?rest_route=\/wp\/v2\/pages\/518","targetHints":{"allow":["GET"]}}],"collection":[{"href":"https:\/\/photo-text.de\/index.php?rest_route=\/wp\/v2\/pages"}],"about":[{"href":"https:\/\/photo-text.de\/index.php?rest_route=\/wp\/v2\/types\/page"}],"author":[{"embeddable":true,"href":"https:\/\/photo-text.de\/index.php?rest_route=\/wp\/v2\/users\/1"}],"replies":[{"embeddable":true,"href":"https:\/\/photo-text.de\/index.php?rest_route=%2Fwp%2Fv2%2Fcomments&post=518"}],"version-history":[{"count":2,"href":"https:\/\/photo-text.de\/index.php?rest_route=\/wp\/v2\/pages\/518\/revisions"}],"predecessor-version":[{"id":528,"href":"https:\/\/photo-text.de\/index.php?rest_route=\/wp\/v2\/pages\/518\/revisions\/528"}],"wp:attachment":[{"href":"https:\/\/photo-text.de\/index.php?rest_route=%2Fwp%2Fv2%2Fmedia&parent=518"}],"curies":[{"name":"wp","href":"https:\/\/api.w.org\/{rel}","templated":true}]}}